{"id":2,"date":"2019-05-10T05:50:34","date_gmt":"2019-05-10T05:50:34","guid":{"rendered":"http:\/\/registro.sergiocalderon.com.mx\/?page_id=2"},"modified":"2020-01-04T18:17:11","modified_gmt":"2020-01-04T18:17:11","slug":"sample-page","status":"publish","type":"page","link":"https:\/\/registro.sergiocalderon.com.mx\/","title":{"rendered":""},"content":{"rendered":"\n<p>Hola:<\/p>\n\n\n\n<p>Espero que hayas tenido una semana llena de \u00e9xitos. Podr\u00e1s recibir la presentaci\u00f3n en tu correo electr\u00f3nico registr\u00e1ndote en el siguiente formulario:<\/p>\n\n\n\n<!-- Begin Mailchimp Signup Form -->\n<link href=\"\/\/cdn-images.mailchimp.com\/embedcode\/classic-10_7.css\" rel=\"stylesheet\" type=\"text\/css\">\n<style type=\"text\/css\">\n\t#mc_embed_signup{background:#fff; clear:left; font:14px Helvetica,Arial,sans-serif; }\n\t\/* Add your own Mailchimp form style overrides in your site stylesheet or in this style block.\n\t   We recommend moving this block and the preceding CSS link to the HEAD of your HTML file. *\/\n<\/style>\n<div id=\"mc_embed_signup\">\n<form action=\"https:\/\/sergiocalderon.us20.list-manage.com\/subscribe\/post?u=3df0c35ce493501d88fdde33a&amp;id=e1e91f2885\" method=\"post\" id=\"mc-embedded-subscribe-form\" name=\"mc-embedded-subscribe-form\" class=\"validate\" target=\"_blank\" novalidate=\"\">\n    <div id=\"mc_embed_signup_scroll\">\n\t\n<div class=\"mc-field-group\">\n\t<label for=\"mce-EMAIL\">Correo Electr\u00f3nico <\/label>\n\t<input type=\"email\" value=\"\" name=\"EMAIL\" class=\"required email\" id=\"mce-EMAIL\">\n<\/div>\n<div class=\"mc-field-group\">\n\t<label for=\"mce-FNAME\">Nombre(s) <\/label>\n\t<input type=\"text\" value=\"\" name=\"FNAME\" class=\"required\" id=\"mce-FNAME\">\n<\/div>\n<div class=\"mc-field-group\">\n\t<label for=\"mce-LNAME\">Apellido <\/label>\n\t<input type=\"text\" value=\"\" name=\"LNAME\" class=\"required\" id=\"mce-LNAME\">\n<\/div>\n<div class=\"mc-field-group size1of2\">\n\t<label for=\"mce-BIRTHDAY-month\">Cumplea\u00f1os <\/label>\n\t<div class=\"datefield\">\n\t\t<span class=\"subfield dayfield\"><input class=\"birthday required\" type=\"text\" pattern=\"[0-9]*\" value=\"\" placeholder=\"DD\" size=\"2\" maxlength=\"2\" name=\"BIRTHDAY[day]\" id=\"mce-BIRTHDAY-day\"><\/span> \/ \n        <span class=\"subfield monthfield\"><input class=\"birthday required\" type=\"text\" pattern=\"[0-9]*\" value=\"\" placeholder=\"MM\" size=\"2\" maxlength=\"2\" name=\"BIRTHDAY[month]\" id=\"mce-BIRTHDAY-month\"><\/span> \n\t\t<span class=\"small-meta nowrap\">( dd \/ mm )<\/span>\n\t<\/div>\n<\/div>\t<div id=\"mce-responses\" class=\"clear\">\n\t\t<div class=\"response\" id=\"mce-error-response\" style=\"display:none\"><\/div>\n\t\t<div class=\"response\" id=\"mce-success-response\" style=\"display:none\"><\/div>\n\t<\/div>    <!-- real people should not fill this in and expect good things - do not remove this or risk form bot signups-->\n    <div style=\"position: absolute; left: -5000px;\" aria-hidden=\"true\"><input type=\"text\" name=\"b_3df0c35ce493501d88fdde33a_e1e91f2885\" tabindex=\"-1\" value=\"\"><\/div>\n    <div class=\"clear\"><input type=\"submit\" value=\"Enviar\" name=\"subscribe\" id=\"mc-embedded-subscribe\" class=\"button\"><\/div>\n    <\/div>\n<\/form>\n<\/div>\n<script type=\"text\/javascript\" src=\"\/\/s3.amazonaws.com\/downloads.mailchimp.com\/js\/mc-validate.js\"><\/script><script type=\"text\/javascript\">(function($) {window.fnames = new Array(); window.ftypes = new Array();fnames[0]='EMAIL';ftypes[0]='email';fnames[1]='FNAME';ftypes[1]='text';fnames[2]='LNAME';ftypes[2]='text';fnames[9]='SEXO';ftypes[9]='radio';fnames[4]='PHONE';ftypes[4]='phone';fnames[5]='BIRTHDAY';ftypes[5]='birthday';fnames[10]='ANO';ftypes[10]='number';fnames[3]='ESCUELA';ftypes[3]='dropdown';fnames[6]='MATERIA';ftypes[6]='dropdown';fnames[7]='MATRICULA';ftypes[7]='number';fnames[11]='LABORAL';ftypes[11]='text';fnames[12]='AREA';ftypes[12]='text';fnames[13]='DESEO';ftypes[13]='text';fnames[8]='EXPOSICION';ftypes[8]='number';fnames[14]='TESINA';ftypes[14]='number';fnames[15]='PARCIAL1';ftypes[15]='number';fnames[16]='PARCIAL2';ftypes[16]='number';fnames[17]='PARCIAL3';ftypes[17]='number';fnames[18]='PARCIAL4';ftypes[18]='number';fnames[19]='FINAL';ftypes[19]='number';fnames[23]='EXTRAS';ftypes[23]='number';fnames[20]='RESULTADO';ftypes[20]='number';fnames[24]='EQUIPO';ftypes[24]='text';fnames[25]='FALTA1';ftypes[25]='date';fnames[26]='FALTA2';ftypes[26]='date';fnames[27]='FALTA3';ftypes[27]='date';fnames[28]='FALTA4';ftypes[28]='date';fnames[29]='FALTA5';ftypes[29]='date';fnames[21]='INICIO';ftypes[21]='date'; \/*\n * Translated default messages for the $ validation plugin.\n * Locale: ES\n *\/\n$.extend($.validator.messages, {\n  required: \"Este campo es obligatorio.\",\n  remote: \"Por favor, rellena este campo.\",\n  email: \"Por favor, escribe una direcci\u00f3n de correo v\u00e1lida\",\n  url: \"Por favor, escribe una URL v\u00e1lida.\",\n  date: \"Por favor, escribe una fecha v\u00e1lida.\",\n  dateISO: \"Por favor, escribe una fecha (ISO) v\u00e1lida.\",\n  number: \"Por favor, escribe un n\u00famero entero v\u00e1lido.\",\n  digits: \"Por favor, escribe s\u00f3lo d\u00edgitos.\",\n  creditcard: \"Por favor, escribe un n\u00famero de tarjeta v\u00e1lido.\",\n  equalTo: \"Por favor, escribe el mismo valor de nuevo.\",\n  accept: \"Por favor, escribe un valor con una extensi\u00f3n aceptada.\",\n  maxlength: $.validator.format(\"Por favor, no escribas m\u00e1s de {0} caracteres.\"),\n  minlength: $.validator.format(\"Por favor, no escribas menos de {0} caracteres.\"),\n  rangelength: $.validator.format(\"Por favor, escribe un valor entre {0} y {1} caracteres.\"),\n  range: $.validator.format(\"Por favor, escribe un valor entre {0} y {1}.\"),\n  max: $.validator.format(\"Por favor, escribe un valor menor o igual a {0}.\"),\n  min: $.validator.format(\"Por favor, escribe un valor mayor o igual a {0}.\")\n});}(jQuery));var $mcj = jQuery.noConflict(true);<\/script>\n<!--End mc_embed_signup-->\n\n\n\n<hr class=\"wp-block-separator\"\/>\n\n\n\n<p>Adem\u00e1s, en el siguiente enlace podr\u00e1s participar activamente en la presentaci\u00f3n:<\/p>\n\n\n\n<div class=\"wp-block-button aligncenter\"><a class=\"wp-block-button__link\" href=\"https:\/\/www.menti.com\">unirme<\/a><\/div>\n\n\n\n<p>Igualmente podr\u00e1s bajar el material y bibliograf\u00eda adicional&nbsp;<a rel=\"noreferrer noopener\" href=\"https:\/\/www.dropbox.com\/sh\/oxvqe0ohcy39jez\/AACGjz7zHcegFEoKMJ_yykKIa?dl=0\" target=\"_blank\">aqu\u00ed<\/a>.<\/p>\n\n\n\n<p>Saludos!<\/p>\n\n\n\n<p>-S. Calder\u00f3n<\/p>\n\n\n\n<div class=\"wp-block-button aligncenter\"><a class=\"wp-block-button__link\" href=\"https:\/\/seguros.sergiocalderon.com.mx\">sergiocalderon.com.mx<\/a><\/div>\n\n\n\n<p><\/p>\n","protected":false},"excerpt":{"rendered":"<p>Hola: Espero que hayas tenido una semana llena de \u00e9xitos. Podr\u00e1s recibir la presentaci\u00f3n en tu correo electr\u00f3nico registr\u00e1ndote en el siguiente formulario: Correo Electr\u00f3nico Nombre(s) Apellido Cumplea\u00f1os \/ ( dd \/ mm ) Adem\u00e1s, en el siguiente enlace podr\u00e1s participar activamente en la presentaci\u00f3n: Igualmente podr\u00e1s bajar el material y bibliograf\u00eda adicional&nbsp;aqu\u00ed. Saludos! -S. &hellip; <a href=\"https:\/\/registro.sergiocalderon.com.mx\/\" class=\"more-link\">Continuar leyendo<span class=\"screen-reader-text\"> &#8220;&#8221;<\/span><\/a><\/p>\n","protected":false},"author":1,"featured_media":0,"parent":0,"menu_order":0,"comment_status":"closed","ping_status":"closed","template":"","meta":[],"_links":{"self":[{"href":"https:\/\/registro.sergiocalderon.com.mx\/index.php\/wp-json\/wp\/v2\/pages\/2"}],"collection":[{"href":"https:\/\/registro.sergiocalderon.com.mx\/index.php\/wp-json\/wp\/v2\/pages"}],"about":[{"href":"https:\/\/registro.sergiocalderon.com.mx\/index.php\/wp-json\/wp\/v2\/types\/page"}],"author":[{"embeddable":true,"href":"https:\/\/registro.sergiocalderon.com.mx\/index.php\/wp-json\/wp\/v2\/users\/1"}],"replies":[{"embeddable":true,"href":"https:\/\/registro.sergiocalderon.com.mx\/index.php\/wp-json\/wp\/v2\/comments?post=2"}],"version-history":[{"count":8,"href":"https:\/\/registro.sergiocalderon.com.mx\/index.php\/wp-json\/wp\/v2\/pages\/2\/revisions"}],"predecessor-version":[{"id":28,"href":"https:\/\/registro.sergiocalderon.com.mx\/index.php\/wp-json\/wp\/v2\/pages\/2\/revisions\/28"}],"wp:attachment":[{"href":"https:\/\/registro.sergiocalderon.com.mx\/index.php\/wp-json\/wp\/v2\/media?parent=2"}],"curies":[{"name":"wp","href":"https:\/\/api.w.org\/{rel}","templated":true}]}}